{"id":1243,"date":"2020-05-20T02:48:25","date_gmt":"2020-05-20T02:48:25","guid":{"rendered":"https:\/\/jimcoinsuranceservices.com\/?page_id=1243"},"modified":"2024-11-15T22:22:06","modified_gmt":"2024-11-15T22:22:06","slug":"disclaimer","status":"publish","type":"page","link":"https:\/\/www.jimcoinsuranceservices.com\/es\/disclaimer\/","title":{"rendered":"Descargo de responsabilidad"},"content":{"rendered":"<h2>Descargo de responsabilidad de JimCo Insurance &amp; Financial Services<\/h2>\n<p>Las declaraciones informativas sobre la cobertura del seguro son solo para fines de descripci\u00f3n general. Estas declaraciones no modifican, modifican ni complementan ninguna p\u00f3liza de seguro. Consulte la pol\u00edtica actual o su agente para obtener detalles sobre los t\u00e9rminos, condiciones, cobertura, exclusiones, productos, servicios y programas que pueden estar disponibles para usted. Su elegibilidad para determinados productos y servicios est\u00e1 sujeta a la determinaci\u00f3n final de las calificaciones de suscripci\u00f3n y la aceptaci\u00f3n por parte de la compa\u00f1\u00eda de suscripci\u00f3n de seguros que proporciona dichos productos o servicios.<\/p>\n<p>Este sitio web no hace ninguna declaraci\u00f3n de que la cobertura existe o no para un reclamo o p\u00e9rdida en particular, o tipo de reclamo o p\u00e9rdida, bajo ninguna pol\u00edtica. Si la cobertura existe o no para un reclamo o p\u00e9rdida en particular bajo cualquier p\u00f3liza depende de los hechos y circunstancias involucradas en el reclamo o p\u00e9rdida y toda la redacci\u00f3n de la p\u00f3liza aplicable.<br \/>\n<br \/>\nLas declaraciones en este sitio web sobre pol\u00edticas y coberturas brindan solo informaci\u00f3n general. Esta informaci\u00f3n no es una oferta para vender seguros. La cobertura del seguro no puede vincularse ni modificarse mediante el env\u00edo de ning\u00fan formulario \/ solicitud en l\u00ednea proporcionado en este sitio o de otro modo, correo electr\u00f3nico, correo de voz, fax ni ninguna p\u00e1gina de redes sociales. Ninguna encuadernaci\u00f3n, p\u00f3liza de seguro, cambio, adici\u00f3n y \/ o eliminaci\u00f3n a la cobertura del seguro entrar\u00e1 en vigencia a menos y hasta que sea confirmada directamente por un agente autorizado. Cualquier propuesta de seguro que podamos presentarle se basar\u00e1 en la informaci\u00f3n que nos proporcione a trav\u00e9s de este formulario \/ solicitud en l\u00ednea y \/ o en otras comunicaciones con nosotros. Comun\u00edquese con nuestra oficina al (956) 467-6994 para analizar los detalles espec\u00edficos de cobertura y sus necesidades de seguro. Todas las coberturas est\u00e1n sujetas a los t\u00e9rminos, condiciones y exclusiones de la p\u00f3liza emitida. No todas las p\u00f3lizas y \/ o coberturas est\u00e1n disponibles en todos los estados. La informaci\u00f3n proporcionada en este sitio no constituye asesoramiento profesional: si tiene preguntas legales, fiscales o de planificaci\u00f3n financiera, debe comunicarse con un profesional apropiado. Cualquier enlace de hipertexto a otros sitios se proporciona solo para su conveniencia: no tenemos control sobre esos sitios y no respaldamos ni garantizamos ninguna informaci\u00f3n provista por dichos sitios.<\/p>\n<h3>Medicare Disclaimer<\/h3>\n<p>\nNosotros no ofrecemos todos los planes disponibles en su area. Cualquier informacion que proporcionamos sera limitada a los planes que nosotros representamos en su area. Por favor contacte a <a href=\"https:\/\/www.medicare.gov\/\" target=\"_blank\" rel=\"noopener\">Medicare.gov<\/a> o llame a <a href=\"tel:+18006334227\">1-800-MEDICARE<\/a> para recibir informacion de todas sus opciones de planes.<br \/>\n<br \/>\nPlans are insured or covered by a Medicare Advantage (HMO, PPO and PFFS) organization with a Medicare contract and\/or a Medicare-approved Part D sponsor. Enrollment in the plan depends on the plan&#8217;s contract renewal with Medicare.<\/p>","protected":false},"excerpt":{"rendered":"<p>Descargo de responsabilidad de JimCo Insurance &amp; Financial Services Las declaraciones informativas sobre la cobertura de seguro son solo para fines descriptivos generales. Estas declaraciones no enmendan, modifican ni complementan ninguna p\u00f3liza de seguro. Consulte la p\u00f3liza actual o su agente para obtener detalles sobre los t\u00e9rminos, condiciones, cobertura, exclusiones, productos, servicios y programas que pueden estar disponibles ...<\/p>","protected":false},"author":2,"featured_media":0,"parent":0,"menu_order":8,"comment_status":"closed","ping_status":"closed","template":"","meta":{"footnotes":""},"class_list":["post-1243","page","type-page","status-publish","hentry"],"_links":{"self":[{"href":"https:\/\/www.jimcoinsuranceservices.com\/es\/wp-json\/wp\/v2\/pages\/1243","targetHints":{"allow":["GET"]}}],"collection":[{"href":"https:\/\/www.jimcoinsuranceservices.com\/es\/wp-json\/wp\/v2\/pages"}],"about":[{"href":"https:\/\/www.jimcoinsuranceservices.com\/es\/wp-json\/wp\/v2\/types\/page"}],"author":[{"embeddable":true,"href":"https:\/\/www.jimcoinsuranceservices.com\/es\/wp-json\/wp\/v2\/users\/2"}],"replies":[{"embeddable":true,"href":"https:\/\/www.jimcoinsuranceservices.com\/es\/wp-json\/wp\/v2\/comments?post=1243"}],"version-history":[{"count":5,"href":"https:\/\/www.jimcoinsuranceservices.com\/es\/wp-json\/wp\/v2\/pages\/1243\/revisions"}],"predecessor-version":[{"id":1536,"href":"https:\/\/www.jimcoinsuranceservices.com\/es\/wp-json\/wp\/v2\/pages\/1243\/revisions\/1536"}],"wp:attachment":[{"href":"https:\/\/www.jimcoinsuranceservices.com\/es\/wp-json\/wp\/v2\/media?parent=1243"}],"curies":[{"name":"wp","href":"https:\/\/api.w.org\/{rel}","templated":true}]}}