{"id":1241,"date":"2020-05-20T02:38:40","date_gmt":"2020-05-20T02:38:40","guid":{"rendered":"https:\/\/jimcoinsuranceservices.com\/?page_id=1241"},"modified":"2024-11-15T22:22:06","modified_gmt":"2024-11-15T22:22:06","slug":"terms-and-conditions","status":"publish","type":"page","link":"https:\/\/www.jimcoinsuranceservices.com\/es\/terms-and-conditions\/","title":{"rendered":"T\u00e9rminos y Condiciones"},"content":{"rendered":"<h2>T\u00e9rminos de servicio de JimCo Insurance &amp; Financial Services<\/h2>\n<h3>1. T\u00e9rminos<\/h3>\n<p>Al acceder al sitio web en <a href=\"https:\/\/www.jimcoinsuranceservices.com\/es\/\">https:\/\/www.jimcoinsuranceservices.com<\/a>, usted acepta estar sujeto a estos t\u00e9rminos de servicio, a todas las leyes y regulaciones aplicables, y acepta que es responsable de cumplir con las leyes locales aplicables. Si no est\u00e1 de acuerdo con alguno de estos t\u00e9rminos, tiene prohibido usar o acceder a este sitio. Los materiales contenidos en este sitio web est\u00e1n protegidos por derechos de autor y leyes de marcas registradas.<\/p>\n<h3>2. Licencia de uso<\/h3>\n<ol type=\"a\">\n<li>Se otorga permiso para descargar temporalmente una copia de los materiales (informaci\u00f3n o software) en el sitio web de JimCo Insurance &amp; Financial Services solo para visualizaci\u00f3n transitoria personal y no comercial. Esta es la concesi\u00f3n de una licencia, no una transferencia de t\u00edtulo, y bajo esta licencia no puede:\n<ol type=\"i\">\n<li>modificar o copiar los materiales;<\/li>\n<li>usar los materiales para cualquier prop\u00f3sito comercial, o para cualquier exhibici\u00f3n p\u00fablica (comercial o no comercial);<\/li>\n<li>intente descompilar o aplicar ingenier\u00eda inversa a cualquier software contenido en el sitio web de JimCo Insurance &amp; Financial Services;<\/li>\n<li>eliminar cualquier derecho de autor u otras anotaciones de propiedad de los materiales; o<\/li>\n<li>transfiera los materiales a otra persona o &quot;refleje&quot; los materiales en cualquier otro servidor.<\/li>\n<\/ol>\n<\/li>\n<li>Esta licencia terminar\u00e1 autom\u00e1ticamente si usted viola alguna de estas restricciones y JimCo Insurance &amp; Financial Services puede rescindirla en cualquier momento. Al finalizar su visualizaci\u00f3n de estos materiales o al finalizar esta licencia, debe destruir cualquier material descargado que tenga en su poder, ya sea en formato electr\u00f3nico o impreso.<\/li>\n<\/ol>\n<h3>3. Descargo de responsabilidad<\/h3>\n<ol type=\"a\">\n<li>Los materiales en el sitio web de JimCo Insurance &amp; Financial Services se proporcionan &quot;tal cual&quot;. JimCo Insurance &amp; Financial Services no ofrece garant\u00edas, expresas o impl\u00edcitas, y por la presente renuncia y niega todas las dem\u00e1s garant\u00edas, incluidas, entre otras, las garant\u00edas impl\u00edcitas o las condiciones de comerciabilidad, idoneidad para un prop\u00f3sito particular o la no infracci\u00f3n de la propiedad intelectual u otra violaci\u00f3n de derechos.<\/li>\n<li>Adem\u00e1s, JimCo Insurance &amp; Financial Services no garantiza ni hace ninguna representaci\u00f3n con respecto a la precisi\u00f3n, los resultados probables o la confiabilidad del uso de los materiales en su sitio web o en relaci\u00f3n con dichos materiales o en cualquier sitio vinculado a este sitio.<\/li>\n<\/ol>\n<h3>4. Limitaciones<\/h3>\n<p>En ning\u00fan caso JimCo Insurance &amp; Financial Services o sus proveedores ser\u00e1n responsables de ning\u00fan da\u00f1o (incluidos, entre otros, da\u00f1os por p\u00e9rdida de datos o ganancias, o debido a la interrupci\u00f3n del negocio) que surjan del uso o la incapacidad de usar los materiales en JimCo Sitio web de Insurance &amp; Financial Services, incluso si JimCo Insurance &amp; Financial Services o un representante autorizado de JimCo Insurance &amp; Financial Services ha sido notificado verbalmente o por escrito de la posibilidad de dicho da\u00f1o. Debido a que algunas jurisdicciones no permiten limitaciones en garant\u00edas impl\u00edcitas, o limitaciones de responsabilidad por da\u00f1os consecuentes o incidentales, estas limitaciones pueden no aplicarse a usted.<\/p>\n<h3>5. Exactitud de los materiales.<\/h3>\n<p>Los materiales que aparecen en el sitio web de JimCo Insurance &amp; Financial Services pueden incluir errores t\u00e9cnicos, tipogr\u00e1ficos o fotogr\u00e1ficos. JimCo Insurance &amp; Financial Services no garantiza que ninguno de los materiales en su sitio web sea exacto, completo o actual. JimCo Insurance &amp; Financial Services puede hacer cambios a los materiales contenidos en su sitio web en cualquier momento sin previo aviso. Sin embargo, JimCo Insurance &amp; Financial Services no se compromete a actualizar los materiales.<\/p>\n<h3>6. Enlaces<\/h3>\n<p>JimCo Insurance &amp; Financial Services no ha revisado todos los sitios vinculados a su sitio web y no es responsable del contenido de dichos sitios vinculados. La inclusi\u00f3n de cualquier enlace no implica aprobaci\u00f3n por parte de JimCo Insurance &amp; Financial Services del sitio. El uso de cualquier sitio web vinculado es bajo el propio riesgo del usuario.<\/p>\n<h3>7. modificaciones<\/h3>\n<p>JimCo Insurance &amp; Financial Services puede revisar estos t\u00e9rminos de servicio para su sitio web en cualquier momento sin previo aviso. Al usar este sitio web, usted acepta estar sujeto a la versi\u00f3n actual de estos t\u00e9rminos de servicio.<\/p>\n<h3>8. Ley aplicable<\/h3>\n<p>Estos t\u00e9rminos y condiciones se rigen e interpretan de acuerdo con las leyes de TX y usted se somete irrevocablemente a la jurisdicci\u00f3n exclusiva de los tribunales de ese Estado o ubicaci\u00f3n.<\/p>","protected":false},"excerpt":{"rendered":"<p>T\u00e9rminos de servicio de JimCo Insurance &amp; Financial Services 1. T\u00e9rminos Al acceder al sitio web en https:\/\/www.jimcoinsuranceservices.com, usted acepta estar sujeto a estos t\u00e9rminos de servicio, todas las leyes y regulaciones aplicables, y acepta que es responsable para el cumplimiento de las leyes locales aplicables. Si no est\u00e1 de acuerdo ...<\/p>","protected":false},"author":2,"featured_media":0,"parent":0,"menu_order":7,"comment_status":"closed","ping_status":"closed","template":"","meta":{"footnotes":""},"class_list":["post-1241","page","type-page","status-publish","hentry"],"_links":{"self":[{"href":"https:\/\/www.jimcoinsuranceservices.com\/es\/wp-json\/wp\/v2\/pages\/1241","targetHints":{"allow":["GET"]}}],"collection":[{"href":"https:\/\/www.jimcoinsuranceservices.com\/es\/wp-json\/wp\/v2\/pages"}],"about":[{"href":"https:\/\/www.jimcoinsuranceservices.com\/es\/wp-json\/wp\/v2\/types\/page"}],"author":[{"embeddable":true,"href":"https:\/\/www.jimcoinsuranceservices.com\/es\/wp-json\/wp\/v2\/users\/2"}],"replies":[{"embeddable":true,"href":"https:\/\/www.jimcoinsuranceservices.com\/es\/wp-json\/wp\/v2\/comments?post=1241"}],"version-history":[{"count":1,"href":"https:\/\/www.jimcoinsuranceservices.com\/es\/wp-json\/wp\/v2\/pages\/1241\/revisions"}],"predecessor-version":[{"id":1242,"href":"https:\/\/www.jimcoinsuranceservices.com\/es\/wp-json\/wp\/v2\/pages\/1241\/revisions\/1242"}],"wp:attachment":[{"href":"https:\/\/www.jimcoinsuranceservices.com\/es\/wp-json\/wp\/v2\/media?parent=1241"}],"curies":[{"name":"wp","href":"https:\/\/api.w.org\/{rel}","templated":true}]}}