{"id":1109,"date":"2020-05-19T18:42:00","date_gmt":"2020-05-19T18:42:00","guid":{"rendered":"https:\/\/jimcoinsuranceservices.com\/?page_id=1109"},"modified":"2024-11-15T22:22:02","modified_gmt":"2024-11-15T22:22:02","slug":"about","status":"publish","type":"page","link":"https:\/\/www.jimcoinsuranceservices.com\/es\/about\/","title":{"rendered":"Sobre nosotros"},"content":{"rendered":"<div class=\"wpb-content-wrapper\"><div class=\"vc_row wpb_row vc_row-fluid shape_divider_top-none shape_divider_bottom-none\"><div class=\"wpb_column vc_column_container vc_col-sm-12 sc_layouts_column_icons_position_left\"><div class=\"vc_column-inner\"><div class=\"wpb_wrapper\"><div class=\"vc_empty_space\"   style=\"height: 4em\"><span class=\"vc_empty_space_inner\"><\/span><\/div><div class=\"vc_empty_space  hide_on_mobile\"   style=\"height: 1.5em\"><span class=\"vc_empty_space_inner\"><\/span><\/div><div class=\"vc_empty_space  hide_on_tablet hide_on_mobile\"   style=\"height: 1.5em\"><span class=\"vc_empty_space_inner\"><\/span><\/div><\/div><\/div><\/div><\/div><div class=\"vc_row wpb_row vc_row-fluid shape_divider_top-none shape_divider_bottom-none\"><div class=\"wpb_column vc_column_container vc_col-sm-12 sc_layouts_column_icons_position_left\"><div class=\"vc_column-inner\"><div class=\"wpb_wrapper\"><div \n id=\"sc_promo_245056467\" \n\tclass=\"sc_promo color_style_default sc_promo_modern sc_promo_size_large sc_promo_no_paddings sc_promo_image_fit sc_promo_image_position_left\"\n\t\t>\n\t\t\t<div class=\"sc_promo_image_wrap\" style=\"width:40%;left: 0;\">\n\t\t\t\t\t<div class=\"sc_promo_image\" style=\"background-image:url(https:\/\/www.jimcoinsuranceservices.com\/wp-content\/uploads\/Marta-Jimenez-Photo-2.jpg);\">\n\t\t\t\t<\/div><!-- \/.sc_promo_image -->\n\t\t\t\t\t\t<a class=\"sc_button link2\" href=\"https:\/\/www.jimcoinsuranceservices.com\/es\/contact\/\">\n\t\t\t\t\t\t\t\t\t\t<span>solicitar cita<\/span>\n\t\t\t\t\t\t\t\t\t\t<\/a>\n\t\t\t\t\t\t\t<\/div><!-- \/.sc_promo_image_wrap -->\n\t\t\t\t\t<div class=\"sc_promo_text\" style=\"width: 60%;float: right;\">\n\t\t\t<div class=\"sc_promo_text_inner\t\t\t trx_addons_inline_46538245\">\n\t\t\t\t\t\t<h6 class=\"sc_item_subtitle sc_promo_subtitle sc_align_left sc_item_title_style_default\">\n\t\tFundador y jefe ejecutivo\t\t<\/h6>\n\t\t\t\t<h2 class=\"sc_item_title sc_promo_title sc_align_left sc_item_title_style_default\">\n\t\tMarta Jim\u00e9nez\t\t<\/h2>\n\t\t\t\t\t\t\t<div class=\"sc_promo_content sc_item_content\"><div class=\"vc_empty_space\"   style=\"height: 2.2em\"><span class=\"vc_empty_space_inner\"><\/span><\/div><div class=\"vc_empty_space  hide_on_mobile\"   style=\"height: 2em\"><span class=\"vc_empty_space_inner\"><\/span><\/div><div id=\"sc_title_1842254632\"\n\t\tclass=\"sc_title color_style_default sc_title_default\">\t\t<h5 class=\"sc_item_title sc_title_title sc_align_left sc_item_title_style_default sc_item_title_tag\">\n\t\tDonde sus necesidades son lo primero\t\t<\/h5>\n\t\t\t\t<div\n\t\tclass=\"sc_item_descr sc_title_descr sc_align_left\"><p>A veces, la vida te arroja una bola curva costosa de la que ser\u00e1 dif\u00edcil recuperarse financieramente. Tenga un colch\u00f3n financiero cuando los problemas de dinero lo golpeen con fuerza al obtener los mejores planes de seguro de Jimco, LLC Seguros y Servicios Financieros. Somos una agencia de seguros asegurada y con licencia en McAllen, TX que ofrece soluciones financieras de primer nivel adaptadas espec\u00edficamente a sus necesidades. En nuestra empresa, su protecci\u00f3n es nuestra prioridad n\u00famero uno.<\/p>\n<\/div>\n\t\t\t\t\t\t  <\/div><!-- \/.sc_title --><div class=\"vc_empty_space\"   style=\"height: 1.7em\"><span class=\"vc_empty_space_inner\"><\/span><\/div><div id=\"sc_title_1319046920\"\n\t\tclass=\"sc_title color_style_default sc_title_default\">\t\t<h5 class=\"sc_item_title sc_title_title sc_align_left sc_item_title_style_default sc_item_title_tag\">\n\t\tAsegure su futuro\t\t<\/h5>\n\t\t\t\t<div\n\t\tclass=\"sc_item_descr sc_title_descr sc_align_left\"><p>Es mejor estar preparado cuando ocurren eventos inesperados en su vida. Nuestros corredores de seguros, liderados por Marta Jim\u00e9nez, est\u00e1n aqu\u00ed para protegerlo de problemas financieros repentinos. Hacemos un esfuerzo adicional para proporcionar productos y servicios de seguros superiores que superen sus expectativas. Escuchamos atentamente sus necesidades para poder recomendar el plan adecuado para usted.<\/p>\n<\/div>\n\t\t\t\t\t\t  <\/div><!-- \/.sc_title --><div class=\"vc_empty_space\"   style=\"height: 1.7em\"><span class=\"vc_empty_space_inner\"><\/span><\/div><div id=\"sc_title_1629078204\"\n\t\tclass=\"sc_title color_style_default sc_title_default\">\t\t<h5 class=\"sc_item_title sc_title_title sc_align_left sc_item_title_style_default sc_item_title_tag\">\n\t\tAseg\u00farese de estar asegurado\t\t<\/h5>\n\t\t\t\t<div\n\t\tclass=\"sc_item_descr sc_title_descr sc_align_left\"><p>Invierta en un plan de seguro completo para ayudarlo durante emergencias. Si desea productos y servicios de seguros de alta calidad a precios competitivos, elija Jimco, LLC Seguros y servicios financieros. Nuestro equipo de agentes profesionales tiene un profundo conocimiento de los planes de seguro que mejor se ajustan a sus requisitos y presupuesto.<\/p>\n<\/div>\n\t\t\t\t\t\t  <\/div><!-- \/.sc_title --><div class=\"vc_empty_space\"   style=\"height: 2em\"><span class=\"vc_empty_space_inner\"><\/span><\/div><div class=\"vc_empty_space  hide_on_mobile\"   style=\"height: 1.9em\"><span class=\"vc_empty_space_inner\"><\/span><\/div><\/div>\n\t\t\t\t\t\t\t\t<\/div>\n\t\t<\/div><!-- \/.sc_promo_text -->\n\t\t<\/div><!-- \/.sc_promo -->\n<\/div><\/div><\/div><\/div><div class=\"vc_row wpb_row vc_row-fluid shape_divider_top-none shape_divider_bottom-none\"><div class=\"wpb_column vc_column_container vc_col-sm-12 sc_layouts_column_icons_position_left\"><div class=\"vc_column-inner\"><div class=\"wpb_wrapper\"><div class=\"vc_empty_space\"   style=\"height: 4em\"><span class=\"vc_empty_space_inner\"><\/span><\/div><div class=\"vc_empty_space  hide_on_mobile\"   style=\"height: 1.5em\"><span class=\"vc_empty_space_inner\"><\/span><\/div><div class=\"vc_empty_space  hide_on_tablet hide_on_mobile\"   style=\"height: 1em\"><span class=\"vc_empty_space_inner\"><\/span><\/div><\/div><\/div><\/div><\/div><div data-vc-full-width=\"true\" data-vc-full-width-init=\"false\" class=\"vc_row wpb_row vc_row-fluid bg-position-on-mobile vc_custom_1593617605324 vc_row-has-fill shape_divider_top-none shape_divider_bottom-none\"><div class=\"wpb_column vc_column_container vc_col-sm-12 sc_layouts_column_icons_position_left\"><div class=\"vc_column-inner\"><div class=\"wpb_wrapper\"><div class=\"vc_empty_space\"   style=\"height: 4em\"><span class=\"vc_empty_space_inner\"><\/span><\/div><div class=\"vc_empty_space  hide_on_mobile\"   style=\"height: 1.8em\"><span class=\"vc_empty_space_inner\"><\/span><\/div><div class=\"vc_empty_space  hide_on_tablet hide_on_mobile\"   style=\"height: 1em\"><span class=\"vc_empty_space_inner\"><\/span><\/div><div \n id=\"sc_promo_1208552536\" \n\tclass=\"sc_promo color_style_dark scheme_dark sc_promo_default manuel sc_promo_size_large sc_promo_no_paddings sc_promo_image_position_right\"\n\t\t>\n\t\t<div class=\"sc_promo_image\" style=\"background-image:url(https:\/\/www.jimcoinsuranceservices.com\/wp-content\/uploads\/Photo-of-Manuel-Andres-Brito-Jimenez-Insurance-Agent-2023-1.jpg);width:40%;right: 0;\">\n\t\t\t\t<\/div><!-- \/.sc_promo_image -->\n\t\t\t\t<div class=\"sc_promo_text\" style=\"width: 60%;float: left;\">\n\t\t\t<div class=\"sc_promo_text_inner\t\t\t trx_addons_inline_1175933004\">\n\t\t\t\t\t\t<h6 class=\"sc_item_subtitle sc_promo_subtitle sc_align_left sc_item_title_style_default\">\n\t\tWelcoming New Agent to the Team!\t\t<\/h6>\n\t\t\t\t<h2 class=\"sc_item_title sc_promo_title sc_align_left sc_item_title_style_default\">\n\t\tManuel Andres Brito Jimenez\t\t<\/h2>\n\t\t\t\t<div\n\t\tclass=\"sc_item_descr sc_promo_descr sc_align_left\"><p><i>&quot;Hacemos un esfuerzo adicional para proporcionar productos y servicios de seguros superiores que superen sus expectativas. Escuchamos atentamente sus necesidades para poder recomendar el plan adecuado para usted&quot;.<\/i><\/p>\n<\/div>\n\t\t\t\t\t\t  \t\t\t<\/div>\n\t\t<\/div><!-- \/.sc_promo_text -->\n\t\t<\/div><!-- \/.sc_promo -->\n<div class=\"vc_empty_space\"   style=\"height: 4em\"><span class=\"vc_empty_space_inner\"><\/span><\/div><div class=\"vc_empty_space  hide_on_mobile\"   style=\"height: 1.5em\"><span class=\"vc_empty_space_inner\"><\/span><\/div><div class=\"vc_empty_space  hide_on_tablet hide_on_mobile\"   style=\"height: 1em\"><span class=\"vc_empty_space_inner\"><\/span><\/div><\/div><\/div><\/div><\/div><div class=\"vc_row-full-width vc_clearfix\"><\/div><div data-vc-full-width=\"true\" data-vc-full-width-init=\"false\" class=\"vc_row wpb_row vc_row-fluid vc_custom_1589939566665 vc_row-has-fill shape_divider_top-none shape_divider_bottom-none\"><div class=\"wpb_column vc_column_container vc_col-sm-12 sc_layouts_column_icons_position_left\"><div class=\"vc_column-inner\"><div class=\"wpb_wrapper\"><div class=\"vc_empty_space\"   style=\"height: 4em\"><span class=\"vc_empty_space_inner\"><\/span><\/div><div class=\"vc_empty_space  hide_on_mobile\"   style=\"height: 1.8em\"><span class=\"vc_empty_space_inner\"><\/span><\/div><div class=\"vc_empty_space  hide_on_tablet hide_on_mobile\"   style=\"height: 1em\"><span class=\"vc_empty_space_inner\"><\/span><\/div><div \n id=\"sc_promo_906378829\" \n\tclass=\"sc_promo color_style_dark scheme_dark sc_promo_default sc_promo_size_large sc_promo_no_paddings sc_promo_image_position_left\"\n\t\t>\n\t\t<div class=\"sc_promo_image\" style=\"background-image:url(https:\/\/www.jimcoinsuranceservices.com\/wp-content\/uploads\/Donde-Sus-Necesidades-Van-Primero-Image.jpg);width:40%;left: 0;\">\n\t\t\t\t<\/div><!-- \/.sc_promo_image -->\n\t\t\t\t<div class=\"sc_promo_text\" style=\"width: 60%;float: right;\">\n\t\t\t<div class=\"sc_promo_text_inner\t\t\t trx_addons_inline_335986004\">\n\t\t\t\t\t\t<h6 class=\"sc_item_subtitle sc_promo_subtitle sc_align_left sc_item_title_style_default\">\n\t\t\u00a1Hablamos espa\u00f1ol!\t\t<\/h6>\n\t\t\t\t<h2 class=\"sc_item_title sc_promo_title sc_align_left sc_item_title_style_default\">\n\t\tDonde sus necesidades van primero\t\t<\/h2>\n\t\t\t\t<div\n\t\tclass=\"sc_item_descr sc_promo_descr sc_align_left\"><p>Algunas veces la vida nos trae situaciones y emergencias de las que pueden resultar dif\u00edciles de recuperar, si no contamos con la protecci\u00f3n adecuada. En Jimco Insurance Services, LLC escuchamos sus preocupaciones y aviones futuros a partir de sus necesidades espec\u00edficas, recomendamos los aviones que se ajustan a ellas y su presupuesto.<\/p>\n<\/div>\n\t\t\t\t\t\t  <div class=\"sc_item_button sc_button_wrap sc_align_left\"><a href=\"https:\/\/www.jimcoinsuranceservices.com\/es\/contact\/\" id=\"sc_button_561826623\" class=\"sc_button color_style_dark sc_button_default sc_item_button sc_item_button_default sc_promo_button sc_button_size_normal sc_button_icon_left\"><span class=\"sc_button_text\"><span class=\"sc_button_title\">solicitar cita<\/span><\/span><!-- \/.sc_button_text --><\/a><!-- \/.sc_button --><\/div><!-- \/.sc_item_button -->\t\t\t<\/div>\n\t\t<\/div><!-- \/.sc_promo_text -->\n\t\t<\/div><!-- \/.sc_promo -->\n<div class=\"vc_empty_space\"   style=\"height: 3.8em\"><span class=\"vc_empty_space_inner\"><\/span><\/div><div class=\"vc_empty_space  hide_on_mobile\"   style=\"height: 1.5em\"><span class=\"vc_empty_space_inner\"><\/span><\/div><div class=\"vc_empty_space  hide_on_tablet hide_on_mobile\"   style=\"height: 1em\"><span class=\"vc_empty_space_inner\"><\/span><\/div><\/div><\/div><\/div><\/div><div class=\"vc_row-full-width vc_clearfix\"><\/div><div id=\"CTA-1-Desktop\" data-vc-full-width=\"true\" data-vc-full-width-init=\"false\" class=\"vc_row wpb_row vc_row-fluid vc_custom_1589416543995 vc_row-has-fill vc_row-o-content-middle vc_row-flex shape_divider_top-none shape_divider_bottom-none sc_layouts_hide_on_tablet sc_layouts_hide_on_mobile\"><div class=\"wpb_column vc_column_container vc_col-sm-12 sc_layouts_column_icons_position_left\"><div class=\"vc_column-inner\"><div class=\"wpb_wrapper\"><div class=\"vc_empty_space\"   style=\"height: 2.9em\"><span class=\"vc_empty_space_inner\"><\/span><\/div><div class=\"vc_empty_space  hide_on_tablet hide_on_mobile\"   style=\"height: 0.7em\"><span class=\"vc_empty_space_inner\"><\/span><\/div><div class=\"vc_row wpb_row vc_inner vc_row-fluid vc_row-o-content-middle vc_row-flex shape_divider_top-none shape_divider_bottom-none scheme_dark\"><div class=\"wpb_column vc_column_container vc_col-sm-8 sc_layouts_column_icons_position_left\"><div class=\"vc_column-inner\"><div class=\"wpb_wrapper\"><div id=\"sc_title_1650442627\"\n\t\tclass=\"sc_title color_style_default scheme_dark sc_title_default\">\t\t<h4 class=\"sc_item_title sc_title_title sc_align_left sc_item_title_style_default sc_item_title_tag\">\n\t\tOfrecemos planes integrales de seguro de salud y servicios financieros dise\u00f1ados espec\u00edficamente para sus necesidades.\t\t<\/h4>\n\t\t<\/div><!-- \/.sc_title --><\/div><\/div><\/div><div class=\"wpb_column vc_column_container vc_col-sm-4 sc_layouts_column_icons_position_left\"><div class=\"vc_column-inner\"><div class=\"wpb_wrapper\"><div class=\"vc_empty_space  hide_on_mobile\"   style=\"height: 0.4em\"><span class=\"vc_empty_space_inner\"><\/span><\/div><div class=\"sc_item_button sc_button_wrap sc_align_right\"><a href=\"https:\/\/www.jimcoinsuranceservices.com\/es\/contact\/\" id=\"sc_button_1470512460\" class=\"sc_button hide_on_mobile color_style_link3 sc_button_default sc_button_size_normal sc_button_with_icon sc_button_icon_right\"><span class=\"sc_button_icon\"><span class=\"icon-right-arrow-1\"><\/span><\/span><span class=\"sc_button_text\"><span class=\"sc_button_title\">Obtenga una cuota gratis<\/span><\/span><!-- \/.sc_button_text --><\/a><!-- \/.sc_button --><\/div><!-- \/.sc_item_button --><div class=\"vc_empty_space  hide_on_desktop hide_on_notebook hide_on_tablet\"   style=\"height: 1em\"><span class=\"vc_empty_space_inner\"><\/span><\/div><\/div><\/div><\/div><\/div><div class=\"vc_empty_space\"   style=\"height: 2.9em\"><span class=\"vc_empty_space_inner\"><\/span><\/div><div class=\"vc_empty_space  hide_on_tablet hide_on_mobile\"   style=\"height: 0.8em\"><span class=\"vc_empty_space_inner\"><\/span><\/div><\/div><\/div><\/div><\/div><div class=\"vc_row-full-width vc_clearfix\"><\/div><div id=\"CTA-1-Mobile\" data-vc-full-width=\"true\" data-vc-full-width-init=\"false\" class=\"vc_row wpb_row vc_row-fluid vc_custom_1589416745478 vc_row-has-fill vc_row-o-content-middle vc_row-flex shape_divider_top-none shape_divider_bottom-none sc_layouts_hide_on_desktop sc_layouts_hide_on_notebook\"><div class=\"wpb_column vc_column_container vc_col-sm-12 sc_layouts_column_icons_position_left\"><div class=\"vc_column-inner\"><div class=\"wpb_wrapper\"><div class=\"vc_empty_space\"   style=\"height: 2.9em\"><span class=\"vc_empty_space_inner\"><\/span><\/div><div class=\"vc_empty_space  hide_on_tablet hide_on_mobile\"   style=\"height: 0.7em\"><span class=\"vc_empty_space_inner\"><\/span><\/div><div class=\"vc_row wpb_row vc_inner vc_row-fluid vc_row-o-content-middle vc_row-flex shape_divider_top-none shape_divider_bottom-none scheme_dark\"><div class=\"wpb_column vc_column_container vc_col-sm-8 sc_layouts_column_icons_position_left\"><div class=\"vc_column-inner\"><div class=\"wpb_wrapper\"><div id=\"sc_title_53651255\"\n\t\tclass=\"sc_title color_style_default scheme_dark sc_title_default\">\t\t<h4 class=\"sc_item_title sc_title_title sc_align_left sc_item_title_style_default sc_item_title_tag\">\n\t\tOfrecemos planes integrales de seguro de salud y servicios financieros dise\u00f1ados espec\u00edficamente para sus necesidades.\t\t<\/h4>\n\t\t<div class=\"sc_item_button sc_button_wrap sc_align_left\"><a href=\"https:\/\/www.jimcoinsuranceservices.com\/es\/contact\/\" id=\"sc_button_2088730213\" class=\"sc_button color_style_default sc_button_default sc_item_button sc_item_button_default sc_title_button sc_button_size_normal sc_button_icon_left\"><span class=\"sc_button_text\"><span class=\"sc_button_title\">OBTENGA UNA CUOTA GRATIS<\/span><\/span><!-- \/.sc_button_text --><\/a><!-- \/.sc_button --><\/div><!-- \/.sc_item_button --><\/div><!-- \/.sc_title --><\/div><\/div><\/div><div class=\"wpb_column vc_column_container vc_col-sm-4 vc_hidden-lg vc_hidden-md vc_hidden-sm vc_hidden-xs sc_layouts_column_icons_position_left\"><div class=\"vc_column-inner\"><div class=\"wpb_wrapper\"><div class=\"vc_empty_space  hide_on_mobile\"   style=\"height: 0.4em\"><span class=\"vc_empty_space_inner\"><\/span><\/div><div class=\"sc_item_button sc_button_wrap sc_align_right\"><a href=\"\" id=\"sc_button_891101539\" class=\"sc_button hide_on_mobile hide_on_tablet hide_on_notebook hide_on_desktop color_style_link3 sc_button_default sc_button_size_normal sc_button_with_icon sc_button_icon_right\"><span class=\"sc_button_icon\"><span class=\"icon-right-arrow-1\"><\/span><\/span><span class=\"sc_button_text\"><span class=\"sc_button_title\">Obtenga una cuota gratis<\/span><\/span><!-- \/.sc_button_text --><\/a><!-- \/.sc_button --><\/div><!-- \/.sc_item_button --><div class=\"vc_empty_space  hide_on_desktop hide_on_notebook hide_on_tablet\"   style=\"height: 1em\"><span class=\"vc_empty_space_inner\"><\/span><\/div><\/div><\/div><\/div><\/div><div class=\"vc_empty_space\"   style=\"height: 2.9em\"><span class=\"vc_empty_space_inner\"><\/span><\/div><div class=\"vc_empty_space  hide_on_tablet hide_on_mobile\"   style=\"height: 0.8em\"><span class=\"vc_empty_space_inner\"><\/span><\/div><\/div><\/div><\/div><\/div><div class=\"vc_row-full-width vc_clearfix\"><\/div>\n<\/div>","protected":false},"excerpt":{"rendered":"request appointment founder & ceo Marta Jimenez Where Your Needs Come First Sometimes, life throws you a costly curveball that will be difficult to financially recover from. Have a financial cushion when money problems hit you hard by getting premier insurance plans from Jimco, LLC Insurance and Financial Services. We&hellip;","protected":false},"author":2,"featured_media":0,"parent":0,"menu_order":2,"comment_status":"closed","ping_status":"closed","template":"","meta":{"footnotes":""},"class_list":["post-1109","page","type-page","status-publish","hentry"],"_links":{"self":[{"href":"https:\/\/www.jimcoinsuranceservices.com\/es\/wp-json\/wp\/v2\/pages\/1109","targetHints":{"allow":["GET"]}}],"collection":[{"href":"https:\/\/www.jimcoinsuranceservices.com\/es\/wp-json\/wp\/v2\/pages"}],"about":[{"href":"https:\/\/www.jimcoinsuranceservices.com\/es\/wp-json\/wp\/v2\/types\/page"}],"author":[{"embeddable":true,"href":"https:\/\/www.jimcoinsuranceservices.com\/es\/wp-json\/wp\/v2\/users\/2"}],"replies":[{"embeddable":true,"href":"https:\/\/www.jimcoinsuranceservices.com\/es\/wp-json\/wp\/v2\/comments?post=1109"}],"version-history":[{"count":6,"href":"https:\/\/www.jimcoinsuranceservices.com\/es\/wp-json\/wp\/v2\/pages\/1109\/revisions"}],"predecessor-version":[{"id":1547,"href":"https:\/\/www.jimcoinsuranceservices.com\/es\/wp-json\/wp\/v2\/pages\/1109\/revisions\/1547"}],"wp:attachment":[{"href":"https:\/\/www.jimcoinsuranceservices.com\/es\/wp-json\/wp\/v2\/media?parent=1109"}],"curies":[{"name":"wp","href":"https:\/\/api.w.org\/{rel}","templated":true}]}}